{"id":962,"date":"2024-06-13T20:27:52","date_gmt":"2024-06-13T20:27:52","guid":{"rendered":"https:\/\/multisites.ipportalegre.pt\/biodiversidade\/?page_id=962"},"modified":"2024-06-14T02:08:06","modified_gmt":"2024-06-14T02:08:06","slug":"guarda-rios","status":"publish","type":"page","link":"https:\/\/multisites.ipportalegre.pt\/biodiversidade\/fauna\/guarda-rios\/","title":{"rendered":"Guarda-rios"},"content":{"rendered":"\t\t<div data-elementor-type=\"wp-page\" data-elementor-id=\"962\" class=\"elementor elementor-962\">\n\t\t\t\t<div class=\"elementor-element elementor-element-a2dd121 animated-fast e-flex e-con-boxed elementor-invisible e-con e-parent\" data-id=\"a2dd121\" data-element_type=\"container\" data-e-type=\"container\" data-settings=\"{&quot;background_background&quot;:&quot;slideshow&quot;,&quot;background_slideshow_gallery&quot;:[{&quot;id&quot;:&quot;67&quot;,&quot;url&quot;:&quot;http:\\\/\\\/multisites.ipportalegre.pt\\\/biodiversidade\\\/wp-content\\\/uploads\\\/sites\\\/186\\\/2024\\\/06\\\/guarda-rios_RLourenco-scaled.jpg&quot;}],&quot;background_slideshow_slide_duration&quot;:&quot;3000&quot;,&quot;background_slideshow_slide_transition&quot;:&quot;slide_right&quot;,&quot;animation&quot;:&quot;fadeIn&quot;,&quot;background_slideshow_loop&quot;:&quot;yes&quot;,&quot;background_slideshow_transition_duration&quot;:500}\">\n\t\t\t\t\t<div class=\"e-con-inner\">\n\t\t\t\t\t<\/div>\n\t\t\t\t<\/div>\n\t\t<div class=\"elementor-element elementor-element-c2ed7e6 e-flex e-con-boxed e-con e-parent\" data-id=\"c2ed7e6\" data-element_type=\"container\" data-e-type=\"container\">\n\t\t\t\t\t<div class=\"e-con-inner\">\n\t\t<div class=\"elementor-element elementor-element-ca6a5fb e-con-full e-flex e-con e-child\" data-id=\"ca6a5fb\" data-element_type=\"container\" data-e-type=\"container\">\n\t\t\t\t<div class=\"elementor-element elementor-element-86f7871 elementor-widget elementor-widget-image\" data-id=\"86f7871\" data-element_type=\"widget\" data-e-type=\"widget\" data-widget_type=\"image.default\">\n\t\t\t\t<div class=\"elementor-widget-container\">\n\t\t\t\t\t\t\t\t\t\t\t\t\t\t\t<img fetchpriority=\"high\" decoding=\"async\" width=\"2560\" height=\"1706\" src=\"https:\/\/multisites.ipportalegre.pt\/biodiversidade\/wp-content\/uploads\/sites\/186\/2024\/06\/guarda-rios_RLourenco-scaled.jpg\" class=\"attachment-full size-full wp-image-67\" alt=\"\" srcset=\"https:\/\/multisites.ipportalegre.pt\/biodiversidade\/wp-content\/uploads\/sites\/186\/2024\/06\/guarda-rios_RLourenco-scaled.jpg 2560w, https:\/\/multisites.ipportalegre.pt\/biodiversidade\/wp-content\/uploads\/sites\/186\/2024\/06\/guarda-rios_RLourenco-300x200.jpg 300w, https:\/\/multisites.ipportalegre.pt\/biodiversidade\/wp-content\/uploads\/sites\/186\/2024\/06\/guarda-rios_RLourenco-1024x683.jpg 1024w, https:\/\/multisites.ipportalegre.pt\/biodiversidade\/wp-content\/uploads\/sites\/186\/2024\/06\/guarda-rios_RLourenco-768x512.jpg 768w, https:\/\/multisites.ipportalegre.pt\/biodiversidade\/wp-content\/uploads\/sites\/186\/2024\/06\/guarda-rios_RLourenco-1536x1024.jpg 1536w, https:\/\/multisites.ipportalegre.pt\/biodiversidade\/wp-content\/uploads\/sites\/186\/2024\/06\/guarda-rios_RLourenco-2048x1365.jpg 2048w\" sizes=\"(max-width: 2560px) 100vw, 2560px\" \/>\t\t\t\t\t\t\t\t\t\t\t\t\t\t\t<\/div>\n\t\t\t\t<\/div>\n\t\t\t\t<\/div>\n\t\t<div class=\"elementor-element elementor-element-ce07ef0 e-con-full e-flex e-con e-child\" data-id=\"ce07ef0\" data-element_type=\"container\" data-e-type=\"container\">\n\t\t<div class=\"elementor-element elementor-element-666b965 e-flex e-con-boxed e-con e-child\" data-id=\"666b965\" data-element_type=\"container\" data-e-type=\"container\">\n\t\t\t\t\t<div class=\"e-con-inner\">\n\t\t\t\t<div class=\"elementor-element elementor-element-6716099 elementor-widget elementor-widget-heading\" data-id=\"6716099\" data-element_type=\"widget\" data-e-type=\"widget\" data-widget_type=\"heading.default\">\n\t\t\t\t<div class=\"elementor-widget-container\">\n\t\t\t\t\t<h2 class=\"elementor-heading-title elementor-size-default\">Guarda-Rios<\/h2>\t\t\t\t<\/div>\n\t\t\t\t<\/div>\n\t\t\t\t\t<\/div>\n\t\t\t\t<\/div>\n\t\t<div class=\"elementor-element elementor-element-c0d0f98 e-flex e-con-boxed e-con e-child\" data-id=\"c0d0f98\" data-element_type=\"container\" data-e-type=\"container\">\n\t\t\t\t\t<div class=\"e-con-inner\">\n\t\t\t\t<div class=\"elementor-element elementor-element-06894d4 elementor-widget elementor-widget-heading\" data-id=\"06894d4\" data-element_type=\"widget\" data-e-type=\"widget\" data-widget_type=\"heading.default\">\n\t\t\t\t<div class=\"elementor-widget-container\">\n\t\t\t\t\t<h3 class=\"elementor-heading-title elementor-size-default\">Alcedo atthis<\/h3>\t\t\t\t<\/div>\n\t\t\t\t<\/div>\n\t\t\t\t\t<\/div>\n\t\t\t\t<\/div>\n\t\t<div class=\"elementor-element elementor-element-40430d0 e-flex e-con-boxed e-con e-child\" data-id=\"40430d0\" data-element_type=\"container\" data-e-type=\"container\">\n\t\t\t\t\t<div class=\"e-con-inner\">\n\t\t\t\t<div class=\"elementor-element elementor-element-4cdcb81 elementor-widget elementor-widget-text-editor\" data-id=\"4cdcb81\" data-element_type=\"widget\" data-e-type=\"widget\" data-widget_type=\"text-editor.default\">\n\t\t\t\t<div class=\"elementor-widget-container\">\n\t\t\t\t\t\t\t\t\t<p>O guarda-rios-comum mede cerca de 16 cm de comprimento e pesa entre 34 e 45 gramas. Sua\u00a0envergadura\u00a0\u00e9 de cerca de 25 cm. O guarda-rios possui esse nome por ficar grande parte do tempo olhando para corpos de \u00e1gua \u00e0 procura de\u00a0peixes.<\/p>\t\t\t\t\t\t\t\t<\/div>\n\t\t\t\t<\/div>\n\t\t\t\t\t<\/div>\n\t\t\t\t<\/div>\n\t\t\t\t<div class=\"elementor-element elementor-element-56f834b elementor-widget elementor-widget-text-editor\" data-id=\"56f834b\" data-element_type=\"widget\" data-e-type=\"widget\" data-widget_type=\"text-editor.default\">\n\t\t\t\t<div class=\"elementor-widget-container\">\n\t\t\t\t\t\t\t\t\t<p><a style=\"font-style: inherit;font-weight: inherit;font-family: var( --e-global-typography-text-font-family ), Sans-serif;text-align: var(--text-align)\" href=\"https:\/\/pt.wikipedia.org\/wiki\/Guarda-rios-comum\" target=\"_blank\" rel=\"noopener\">P\u00e1gina wikip\u00e9dia<\/a><\/p>\t\t\t\t\t\t\t\t<\/div>\n\t\t\t\t<\/div>\n\t\t\t\t<\/div>\n\t\t\t\t\t<\/div>\n\t\t\t\t<\/div>\n\t\t\t\t<\/div>\n\t\t","protected":false},"excerpt":{"rendered":"<p>\/*! elementor &#8211; v3.21.0 &#8211; 26-05-2024 *\/ .elementor-widget-image{text-align:center}.elementor-widget-image a{display:inline-block}.elementor-widget-image a img[src$=&#8221;.svg&#8221;]{width:48px}.elementor-widget-image img{vertical-align:middle;display:inline-block} \/*! elementor &#8211; v3.21.0 &#8211; 26-05-2024 *\/ .elementor-heading-title{padding:0;margin:0;line-height:1}.elementor-widget-heading [&hellip;]<\/p>\n","protected":false},"author":91,"featured_media":0,"parent":29,"menu_order":0,"comment_status":"closed","ping_status":"closed","template":"","meta":{"site-sidebar-layout":"no-sidebar","site-content-layout":"","ast-site-content-layout":"full-width-container","site-content-style":"default","site-sidebar-style":"default","ast-global-header-display":"","ast-banner-title-visibility":"","ast-main-header-display":"","ast-hfb-above-header-display":"","ast-hfb-below-header-display":"","ast-hfb-mobile-header-display":"","site-post-title":"disabled","ast-breadcrumbs-content":"","ast-featured-img":"disabled","footer-sml-layout":"","ast-disable-related-posts":"","theme-transparent-header-meta":"default","adv-header-id-meta":"","stick-header-meta":"","header-above-stick-meta":"","header-main-stick-meta":"","header-below-stick-meta":"","astra-migrate-meta-layouts":"set","ast-page-background-enabled":"default","ast-page-background-meta":{"desktop":{"background-color":"var(--ast-global-color-4)","background-image":"","background-repeat":"repeat","background-position":"center center","background-size":"auto","background-attachment":"scroll","background-type":"","background-media":"","overlay-type":"","overlay-color":"","overlay-opacity":"","overlay-gradient":""},"tablet":{"background-color":"","background-image":"","background-repeat":"repeat","background-position":"center center","background-size":"auto","background-attachment":"scroll","background-type":"","background-media":"","overlay-type":"","overlay-color":"","overlay-opacity":"","overlay-gradient":""},"mobile":{"background-color":"","background-image":"","background-repeat":"repeat","background-position":"center center","background-size":"auto","background-attachment":"scroll","background-type":"","background-media":"","overlay-type":"","overlay-color":"","overlay-opacity":"","overlay-gradient":""}},"ast-content-background-meta":{"desktop":{"background-color":"var(--ast-global-color-5)","background-image":"","background-repeat":"repeat","background-position":"center center","background-size":"auto","background-attachment":"scroll","background-type":"","background-media":"","overlay-type":"","overlay-color":"","overlay-opacity":"","overlay-gradient":""},"tablet":{"background-color":"var(--ast-global-color-5)","background-image":"","background-repeat":"repeat","background-position":"center center","background-size":"auto","background-attachment":"scroll","background-type":"","background-media":"","overlay-type":"","overlay-color":"","overlay-opacity":"","overlay-gradient":""},"mobile":{"background-color":"var(--ast-global-color-5)","background-image":"","background-repeat":"repeat","background-position":"center center","background-size":"auto","background-attachment":"scroll","background-type":"","background-media":"","overlay-type":"","overlay-color":"","overlay-opacity":"","overlay-gradient":""}},"footnotes":""},"class_list":["post-962","page","type-page","status-publish","hentry"],"_links":{"self":[{"href":"https:\/\/multisites.ipportalegre.pt\/biodiversidade\/wp-json\/wp\/v2\/pages\/962","targetHints":{"allow":["GET"]}}],"collection":[{"href":"https:\/\/multisites.ipportalegre.pt\/biodiversidade\/wp-json\/wp\/v2\/pages"}],"about":[{"href":"https:\/\/multisites.ipportalegre.pt\/biodiversidade\/wp-json\/wp\/v2\/types\/page"}],"author":[{"embeddable":true,"href":"https:\/\/multisites.ipportalegre.pt\/biodiversidade\/wp-json\/wp\/v2\/users\/91"}],"replies":[{"embeddable":true,"href":"https:\/\/multisites.ipportalegre.pt\/biodiversidade\/wp-json\/wp\/v2\/comments?post=962"}],"version-history":[{"count":7,"href":"https:\/\/multisites.ipportalegre.pt\/biodiversidade\/wp-json\/wp\/v2\/pages\/962\/revisions"}],"predecessor-version":[{"id":1150,"href":"https:\/\/multisites.ipportalegre.pt\/biodiversidade\/wp-json\/wp\/v2\/pages\/962\/revisions\/1150"}],"up":[{"embeddable":true,"href":"https:\/\/multisites.ipportalegre.pt\/biodiversidade\/wp-json\/wp\/v2\/pages\/29"}],"wp:attachment":[{"href":"https:\/\/multisites.ipportalegre.pt\/biodiversidade\/wp-json\/wp\/v2\/media?parent=962"}],"curies":[{"name":"wp","href":"https:\/\/api.w.org\/{rel}","templated":true}]}}