{"id":896,"date":"2024-06-13T19:52:03","date_gmt":"2024-06-13T19:52:03","guid":{"rendered":"https:\/\/multisites.ipportalegre.pt\/biodiversidade\/?page_id=896"},"modified":"2024-06-14T01:58:38","modified_gmt":"2024-06-14T01:58:38","slug":"doninha","status":"publish","type":"page","link":"https:\/\/multisites.ipportalegre.pt\/biodiversidade\/fauna\/doninha\/","title":{"rendered":"doninha"},"content":{"rendered":"\t\t<div data-elementor-type=\"wp-page\" data-elementor-id=\"896\" class=\"elementor elementor-896\">\n\t\t\t\t<div class=\"elementor-element elementor-element-8acb556 animated-fast e-flex e-con-boxed elementor-invisible e-con e-parent\" data-id=\"8acb556\" data-element_type=\"container\" data-e-type=\"container\" data-settings=\"{&quot;background_background&quot;:&quot;slideshow&quot;,&quot;background_slideshow_gallery&quot;:[{&quot;id&quot;:&quot;907&quot;,&quot;url&quot;:&quot;http:\\\/\\\/multisites.ipportalegre.pt\\\/biodiversidade\\\/wp-content\\\/uploads\\\/sites\\\/186\\\/2024\\\/06\\\/doninha2-e1718308079498.jpeg&quot;}],&quot;background_slideshow_slide_duration&quot;:&quot;3000&quot;,&quot;background_slideshow_slide_transition&quot;:&quot;slide_right&quot;,&quot;animation&quot;:&quot;fadeIn&quot;,&quot;background_slideshow_loop&quot;:&quot;yes&quot;,&quot;background_slideshow_transition_duration&quot;:500}\">\n\t\t\t\t\t<div class=\"e-con-inner\">\n\t\t\t\t\t<\/div>\n\t\t\t\t<\/div>\n\t\t<div class=\"elementor-element elementor-element-25cd218 e-flex e-con-boxed e-con e-parent\" data-id=\"25cd218\" data-element_type=\"container\" data-e-type=\"container\">\n\t\t\t\t\t<div class=\"e-con-inner\">\n\t\t<div class=\"elementor-element elementor-element-70ae738 e-con-full e-flex e-con e-child\" data-id=\"70ae738\" data-element_type=\"container\" data-e-type=\"container\">\n\t\t\t\t<div class=\"elementor-element elementor-element-e79b176 elementor-widget elementor-widget-image\" data-id=\"e79b176\" data-element_type=\"widget\" data-e-type=\"widget\" data-widget_type=\"image.default\">\n\t\t\t\t<div class=\"elementor-widget-container\">\n\t\t\t\t\t\t\t\t\t\t\t\t\t\t\t<img fetchpriority=\"high\" decoding=\"async\" width=\"1428\" height=\"2000\" src=\"https:\/\/multisites.ipportalegre.pt\/biodiversidade\/wp-content\/uploads\/sites\/186\/2024\/06\/doninha.jpeg\" class=\"attachment-full size-full wp-image-63\" alt=\"\" srcset=\"https:\/\/multisites.ipportalegre.pt\/biodiversidade\/wp-content\/uploads\/sites\/186\/2024\/06\/doninha.jpeg 1428w, https:\/\/multisites.ipportalegre.pt\/biodiversidade\/wp-content\/uploads\/sites\/186\/2024\/06\/doninha-214x300.jpeg 214w, https:\/\/multisites.ipportalegre.pt\/biodiversidade\/wp-content\/uploads\/sites\/186\/2024\/06\/doninha-731x1024.jpeg 731w, https:\/\/multisites.ipportalegre.pt\/biodiversidade\/wp-content\/uploads\/sites\/186\/2024\/06\/doninha-768x1076.jpeg 768w, https:\/\/multisites.ipportalegre.pt\/biodiversidade\/wp-content\/uploads\/sites\/186\/2024\/06\/doninha-1097x1536.jpeg 1097w\" sizes=\"(max-width: 1428px) 100vw, 1428px\" \/>\t\t\t\t\t\t\t\t\t\t\t\t\t\t\t<\/div>\n\t\t\t\t<\/div>\n\t\t\t\t<\/div>\n\t\t<div class=\"elementor-element elementor-element-8764162 e-con-full e-flex e-con e-child\" data-id=\"8764162\" data-element_type=\"container\" data-e-type=\"container\">\n\t\t<div class=\"elementor-element elementor-element-bb71e3b e-flex e-con-boxed e-con e-child\" data-id=\"bb71e3b\" data-element_type=\"container\" data-e-type=\"container\">\n\t\t\t\t\t<div class=\"e-con-inner\">\n\t\t\t\t<div class=\"elementor-element elementor-element-4e4f90e elementor-widget elementor-widget-heading\" data-id=\"4e4f90e\" data-element_type=\"widget\" data-e-type=\"widget\" data-widget_type=\"heading.default\">\n\t\t\t\t<div class=\"elementor-widget-container\">\n\t\t\t\t\t<h2 class=\"elementor-heading-title elementor-size-default\">Doninha<\/h2>\t\t\t\t<\/div>\n\t\t\t\t<\/div>\n\t\t\t\t\t<\/div>\n\t\t\t\t<\/div>\n\t\t<div class=\"elementor-element elementor-element-0eb765f e-flex e-con-boxed e-con e-child\" data-id=\"0eb765f\" data-element_type=\"container\" data-e-type=\"container\">\n\t\t\t\t\t<div class=\"e-con-inner\">\n\t\t\t\t<div class=\"elementor-element elementor-element-9a1675b elementor-widget elementor-widget-heading\" data-id=\"9a1675b\" data-element_type=\"widget\" data-e-type=\"widget\" data-widget_type=\"heading.default\">\n\t\t\t\t<div class=\"elementor-widget-container\">\n\t\t\t\t\t<h3 class=\"elementor-heading-title elementor-size-default\">Mustela<\/h3>\t\t\t\t<\/div>\n\t\t\t\t<\/div>\n\t\t\t\t\t<\/div>\n\t\t\t\t<\/div>\n\t\t<div class=\"elementor-element elementor-element-31a4954 e-flex e-con-boxed e-con e-child\" data-id=\"31a4954\" data-element_type=\"container\" data-e-type=\"container\">\n\t\t\t\t\t<div class=\"e-con-inner\">\n\t\t\t\t<div class=\"elementor-element elementor-element-e565029 elementor-widget elementor-widget-text-editor\" data-id=\"e565029\" data-element_type=\"widget\" data-e-type=\"widget\" data-widget_type=\"text-editor.default\">\n\t\t\t\t<div class=\"elementor-widget-container\">\n\t\t\t\t\t\t\t\t\t<p>O nome Doninha pode-se referir a v\u00e1rios pequenos mam\u00edferos carn\u00edvoros das fam\u00edlias dos mustel\u00eddeos e dos mefit\u00eddeos.<\/p>\t\t\t\t\t\t\t\t<\/div>\n\t\t\t\t<\/div>\n\t\t\t\t\t<\/div>\n\t\t\t\t<\/div>\n\t\t\t\t<div class=\"elementor-element elementor-element-9ea7069 elementor-widget elementor-widget-text-editor\" data-id=\"9ea7069\" data-element_type=\"widget\" data-e-type=\"widget\" data-widget_type=\"text-editor.default\">\n\t\t\t\t<div class=\"elementor-widget-container\">\n\t\t\t\t\t\t\t\t\t<p><a style=\"font-style: inherit;font-weight: inherit;font-family: var( --e-global-typography-text-font-family ), Sans-serif;text-align: var(--text-align)\" href=\"https:\/\/pt.wikipedia.org\/wiki\/Doninha\" target=\"_blank\" rel=\"noopener\">P\u00e1gina wikip\u00e9dia<\/a><\/p>\t\t\t\t\t\t\t\t<\/div>\n\t\t\t\t<\/div>\n\t\t\t\t<\/div>\n\t\t\t\t\t<\/div>\n\t\t\t\t<\/div>\n\t\t\t\t<\/div>\n\t\t","protected":false},"excerpt":{"rendered":"<p>\/*! elementor &#8211; v3.21.0 &#8211; 26-05-2024 *\/ .elementor-widget-image{text-align:center}.elementor-widget-image a{display:inline-block}.elementor-widget-image a img[src$=&#8221;.svg&#8221;]{width:48px}.elementor-widget-image img{vertical-align:middle;display:inline-block} \/*! elementor &#8211; v3.21.0 &#8211; 26-05-2024 *\/ .elementor-heading-title{padding:0;margin:0;line-height:1}.elementor-widget-heading [&hellip;]<\/p>\n","protected":false},"author":91,"featured_media":0,"parent":29,"menu_order":0,"comment_status":"closed","ping_status":"closed","template":"","meta":{"site-sidebar-layout":"no-sidebar","site-content-layout":"","ast-site-content-layout":"full-width-container","site-content-style":"default","site-sidebar-style":"default","ast-global-header-display":"","ast-banner-title-visibility":"","ast-main-header-display":"","ast-hfb-above-header-display":"","ast-hfb-below-header-display":"","ast-hfb-mobile-header-display":"","site-post-title":"disabled","ast-breadcrumbs-content":"","ast-featured-img":"disabled","footer-sml-layout":"","ast-disable-related-posts":"","theme-transparent-header-meta":"default","adv-header-id-meta":"","stick-header-meta":"","header-above-stick-meta":"","header-main-stick-meta":"","header-below-stick-meta":"","astra-migrate-meta-layouts":"set","ast-page-background-enabled":"default","ast-page-background-meta":{"desktop":{"background-color":"var(--ast-global-color-4)","background-image":"","background-repeat":"repeat","background-position":"center center","background-size":"auto","background-attachment":"scroll","background-type":"","background-media":"","overlay-type":"","overlay-color":"","overlay-opacity":"","overlay-gradient":""},"tablet":{"background-color":"","background-image":"","background-repeat":"repeat","background-position":"center center","background-size":"auto","background-attachment":"scroll","background-type":"","background-media":"","overlay-type":"","overlay-color":"","overlay-opacity":"","overlay-gradient":""},"mobile":{"background-color":"","background-image":"","background-repeat":"repeat","background-position":"center center","background-size":"auto","background-attachment":"scroll","background-type":"","background-media":"","overlay-type":"","overlay-color":"","overlay-opacity":"","overlay-gradient":""}},"ast-content-background-meta":{"desktop":{"background-color":"var(--ast-global-color-5)","background-image":"","background-repeat":"repeat","background-position":"center center","background-size":"auto","background-attachment":"scroll","background-type":"","background-media":"","overlay-type":"","overlay-color":"","overlay-opacity":"","overlay-gradient":""},"tablet":{"background-color":"var(--ast-global-color-5)","background-image":"","background-repeat":"repeat","background-position":"center center","background-size":"auto","background-attachment":"scroll","background-type":"","background-media":"","overlay-type":"","overlay-color":"","overlay-opacity":"","overlay-gradient":""},"mobile":{"background-color":"var(--ast-global-color-5)","background-image":"","background-repeat":"repeat","background-position":"center center","background-size":"auto","background-attachment":"scroll","background-type":"","background-media":"","overlay-type":"","overlay-color":"","overlay-opacity":"","overlay-gradient":""}},"footnotes":""},"class_list":["post-896","page","type-page","status-publish","hentry"],"_links":{"self":[{"href":"https:\/\/multisites.ipportalegre.pt\/biodiversidade\/wp-json\/wp\/v2\/pages\/896","targetHints":{"allow":["GET"]}}],"collection":[{"href":"https:\/\/multisites.ipportalegre.pt\/biodiversidade\/wp-json\/wp\/v2\/pages"}],"about":[{"href":"https:\/\/multisites.ipportalegre.pt\/biodiversidade\/wp-json\/wp\/v2\/types\/page"}],"author":[{"embeddable":true,"href":"https:\/\/multisites.ipportalegre.pt\/biodiversidade\/wp-json\/wp\/v2\/users\/91"}],"replies":[{"embeddable":true,"href":"https:\/\/multisites.ipportalegre.pt\/biodiversidade\/wp-json\/wp\/v2\/comments?post=896"}],"version-history":[{"count":8,"href":"https:\/\/multisites.ipportalegre.pt\/biodiversidade\/wp-json\/wp\/v2\/pages\/896\/revisions"}],"predecessor-version":[{"id":1142,"href":"https:\/\/multisites.ipportalegre.pt\/biodiversidade\/wp-json\/wp\/v2\/pages\/896\/revisions\/1142"}],"up":[{"embeddable":true,"href":"https:\/\/multisites.ipportalegre.pt\/biodiversidade\/wp-json\/wp\/v2\/pages\/29"}],"wp:attachment":[{"href":"https:\/\/multisites.ipportalegre.pt\/biodiversidade\/wp-json\/wp\/v2\/media?parent=896"}],"curies":[{"name":"wp","href":"https:\/\/api.w.org\/{rel}","templated":true}]}}