{"id":344,"date":"2024-06-05T16:47:15","date_gmt":"2024-06-05T16:47:15","guid":{"rendered":"https:\/\/multisites.ipportalegre.pt\/biodiversidade\/?page_id=344"},"modified":"2024-06-12T16:28:05","modified_gmt":"2024-06-12T16:28:05","slug":"choupo-branco","status":"publish","type":"page","link":"https:\/\/multisites.ipportalegre.pt\/biodiversidade\/flora\/choupo-branco\/","title":{"rendered":"Choupo Branco"},"content":{"rendered":"\t\t<div data-elementor-type=\"wp-page\" data-elementor-id=\"344\" class=\"elementor elementor-344\">\n\t\t\t\t<div class=\"elementor-element elementor-element-300c1fe animated-fast e-flex e-con-boxed elementor-invisible e-con e-parent\" data-id=\"300c1fe\" data-element_type=\"container\" data-e-type=\"container\" data-settings=\"{&quot;background_background&quot;:&quot;slideshow&quot;,&quot;background_slideshow_gallery&quot;:[{&quot;id&quot;:&quot;366&quot;,&quot;url&quot;:&quot;http:\\\/\\\/multisites.ipportalegre.pt\\\/biodiversidade\\\/wp-content\\\/uploads\\\/sites\\\/186\\\/2024\\\/06\\\/avenue-228300_1280.jpg&quot;}],&quot;background_slideshow_slide_duration&quot;:&quot;3000&quot;,&quot;background_slideshow_slide_transition&quot;:&quot;slide_right&quot;,&quot;animation&quot;:&quot;fadeIn&quot;,&quot;background_slideshow_loop&quot;:&quot;yes&quot;,&quot;background_slideshow_transition_duration&quot;:500}\">\n\t\t\t\t\t<div class=\"e-con-inner\">\n\t\t\t\t\t<\/div>\n\t\t\t\t<\/div>\n\t\t<div class=\"elementor-element elementor-element-3afe889 e-flex e-con-boxed e-con e-parent\" data-id=\"3afe889\" data-element_type=\"container\" data-e-type=\"container\">\n\t\t\t\t\t<div class=\"e-con-inner\">\n\t\t<div class=\"elementor-element elementor-element-99890f6 e-con-full e-flex e-con e-child\" data-id=\"99890f6\" data-element_type=\"container\" data-e-type=\"container\">\n\t\t\t\t<div class=\"elementor-element elementor-element-dad6f12 elementor-widget elementor-widget-image\" data-id=\"dad6f12\" data-element_type=\"widget\" data-e-type=\"widget\" data-widget_type=\"image.default\">\n\t\t\t\t<div class=\"elementor-widget-container\">\n\t\t\t\t\t\t\t\t\t\t\t\t\t\t\t<img fetchpriority=\"high\" decoding=\"async\" width=\"1707\" height=\"2560\" src=\"https:\/\/multisites.ipportalegre.pt\/biodiversidade\/wp-content\/uploads\/sites\/186\/2024\/06\/choupo-branco-j.pedro_-scaled.jpg\" class=\"attachment-full size-full wp-image-169\" alt=\"\" srcset=\"https:\/\/multisites.ipportalegre.pt\/biodiversidade\/wp-content\/uploads\/sites\/186\/2024\/06\/choupo-branco-j.pedro_-scaled.jpg 1707w, https:\/\/multisites.ipportalegre.pt\/biodiversidade\/wp-content\/uploads\/sites\/186\/2024\/06\/choupo-branco-j.pedro_-200x300.jpg 200w, https:\/\/multisites.ipportalegre.pt\/biodiversidade\/wp-content\/uploads\/sites\/186\/2024\/06\/choupo-branco-j.pedro_-683x1024.jpg 683w, https:\/\/multisites.ipportalegre.pt\/biodiversidade\/wp-content\/uploads\/sites\/186\/2024\/06\/choupo-branco-j.pedro_-768x1152.jpg 768w, https:\/\/multisites.ipportalegre.pt\/biodiversidade\/wp-content\/uploads\/sites\/186\/2024\/06\/choupo-branco-j.pedro_-1024x1536.jpg 1024w, https:\/\/multisites.ipportalegre.pt\/biodiversidade\/wp-content\/uploads\/sites\/186\/2024\/06\/choupo-branco-j.pedro_-1365x2048.jpg 1365w\" sizes=\"(max-width: 1707px) 100vw, 1707px\" \/>\t\t\t\t\t\t\t\t\t\t\t\t\t\t\t<\/div>\n\t\t\t\t<\/div>\n\t\t\t\t<\/div>\n\t\t<div class=\"elementor-element elementor-element-abdab41 e-con-full e-flex e-con e-child\" data-id=\"abdab41\" data-element_type=\"container\" data-e-type=\"container\">\n\t\t<div class=\"elementor-element elementor-element-5c4e18d e-flex e-con-boxed e-con e-child\" data-id=\"5c4e18d\" data-element_type=\"container\" data-e-type=\"container\">\n\t\t\t\t\t<div class=\"e-con-inner\">\n\t\t\t\t<div class=\"elementor-element elementor-element-4656a7c elementor-widget elementor-widget-heading\" data-id=\"4656a7c\" data-element_type=\"widget\" data-e-type=\"widget\" data-widget_type=\"heading.default\">\n\t\t\t\t<div class=\"elementor-widget-container\">\n\t\t\t\t\t<h2 class=\"elementor-heading-title elementor-size-default\">Choupo-Branco<\/h2>\t\t\t\t<\/div>\n\t\t\t\t<\/div>\n\t\t\t\t\t<\/div>\n\t\t\t\t<\/div>\n\t\t<div class=\"elementor-element elementor-element-9a91c8d e-flex e-con-boxed e-con e-child\" data-id=\"9a91c8d\" data-element_type=\"container\" data-e-type=\"container\">\n\t\t\t\t\t<div class=\"e-con-inner\">\n\t\t\t\t<div class=\"elementor-element elementor-element-f17e99e elementor-widget elementor-widget-heading\" data-id=\"f17e99e\" data-element_type=\"widget\" data-e-type=\"widget\" data-widget_type=\"heading.default\">\n\t\t\t\t<div class=\"elementor-widget-container\">\n\t\t\t\t\t<h3 class=\"elementor-heading-title elementor-size-default\">Populus alba<\/h3>\t\t\t\t<\/div>\n\t\t\t\t<\/div>\n\t\t\t\t\t<\/div>\n\t\t\t\t<\/div>\n\t\t<div class=\"elementor-element elementor-element-0228ec8 e-flex e-con-boxed e-con e-child\" data-id=\"0228ec8\" data-element_type=\"container\" data-e-type=\"container\">\n\t\t\t\t\t<div class=\"e-con-inner\">\n\t\t\t\t<div class=\"elementor-element elementor-element-e3be48e elementor-widget elementor-widget-text-editor\" data-id=\"e3be48e\" data-element_type=\"widget\" data-e-type=\"widget\" data-widget_type=\"text-editor.default\">\n\t\t\t\t<div class=\"elementor-widget-container\">\n\t\t\t\t\t\t\t\t\t<p>\u00c1rvore que pode atingir at\u00e9 30 m de altura. Cresce nas margens de cursos de \u00e1gua. O tronco \u00e9 branco &#8211; acinzentado, a copa \u00e9 ampla e irregular, apresentando folhas caducas (caem no inverno) brancas na p\u00e1gina inferior. Esp\u00e9cie cultivada de introdu\u00e7\u00e3o muito antiga. \u00c9poca de flora\u00e7\u00e3o de fevereiro a abril.<\/p>\t\t\t\t\t\t\t\t<\/div>\n\t\t\t\t<\/div>\n\t\t\t\t\t<\/div>\n\t\t\t\t<\/div>\n\t\t\t\t<div class=\"elementor-element elementor-element-d8cfeb6 elementor-widget elementor-widget-text-editor\" data-id=\"d8cfeb6\" data-element_type=\"widget\" data-e-type=\"widget\" data-widget_type=\"text-editor.default\">\n\t\t\t\t<div class=\"elementor-widget-container\">\n\t\t\t\t\t\t\t\t\t<p><a style=\"font-style: inherit;font-weight: inherit;font-family: var( --e-global-typography-text-font-family ), Sans-serif;text-align: var(--text-align)\" href=\"https:\/\/pt.wikipedia.org\/wiki\/Populus_alba\" target=\"_blank\" rel=\"noopener\">P\u00e1gina wikip\u00e9dia<\/a><\/p>\t\t\t\t\t\t\t\t<\/div>\n\t\t\t\t<\/div>\n\t\t\t\t<\/div>\n\t\t\t\t\t<\/div>\n\t\t\t\t<\/div>\n\t\t\t\t<\/div>\n\t\t","protected":false},"excerpt":{"rendered":"<p>\/*! elementor &#8211; v3.21.0 &#8211; 26-05-2024 *\/ .elementor-widget-image{text-align:center}.elementor-widget-image a{display:inline-block}.elementor-widget-image a img[src$=&#8221;.svg&#8221;]{width:48px}.elementor-widget-image img{vertical-align:middle;display:inline-block} \/*! elementor &#8211; v3.21.0 &#8211; 26-05-2024 *\/ .elementor-heading-title{padding:0;margin:0;line-height:1}.elementor-widget-heading [&hellip;]<\/p>\n","protected":false},"author":112,"featured_media":0,"parent":30,"menu_order":0,"comment_status":"closed","ping_status":"closed","template":"","meta":{"site-sidebar-layout":"no-sidebar","site-content-layout":"","ast-site-content-layout":"full-width-container","site-content-style":"default","site-sidebar-style":"default","ast-global-header-display":"","ast-banner-title-visibility":"","ast-main-header-display":"","ast-hfb-above-header-display":"","ast-hfb-below-header-display":"","ast-hfb-mobile-header-display":"","site-post-title":"disabled","ast-breadcrumbs-content":"","ast-featured-img":"disabled","footer-sml-layout":"","ast-disable-related-posts":"","theme-transparent-header-meta":"default","adv-header-id-meta":"","stick-header-meta":"","header-above-stick-meta":"","header-main-stick-meta":"","header-below-stick-meta":"","astra-migrate-meta-layouts":"set","ast-page-background-enabled":"default","ast-page-background-meta":{"desktop":{"background-color":"var(--ast-global-color-4)","background-image":"","background-repeat":"repeat","background-position":"center center","background-size":"auto","background-attachment":"scroll","background-type":"","background-media":"","overlay-type":"","overlay-color":"","overlay-opacity":"","overlay-gradient":""},"tablet":{"background-color":"","background-image":"","background-repeat":"repeat","background-position":"center center","background-size":"auto","background-attachment":"scroll","background-type":"","background-media":"","overlay-type":"","overlay-color":"","overlay-opacity":"","overlay-gradient":""},"mobile":{"background-color":"","background-image":"","background-repeat":"repeat","background-position":"center center","background-size":"auto","background-attachment":"scroll","background-type":"","background-media":"","overlay-type":"","overlay-color":"","overlay-opacity":"","overlay-gradient":""}},"ast-content-background-meta":{"desktop":{"background-color":"var(--ast-global-color-5)","background-image":"","background-repeat":"repeat","background-position":"center center","background-size":"auto","background-attachment":"scroll","background-type":"","background-media":"","overlay-type":"","overlay-color":"","overlay-opacity":"","overlay-gradient":""},"tablet":{"background-color":"var(--ast-global-color-5)","background-image":"","background-repeat":"repeat","background-position":"center center","background-size":"auto","background-attachment":"scroll","background-type":"","background-media":"","overlay-type":"","overlay-color":"","overlay-opacity":"","overlay-gradient":""},"mobile":{"background-color":"var(--ast-global-color-5)","background-image":"","background-repeat":"repeat","background-position":"center center","background-size":"auto","background-attachment":"scroll","background-type":"","background-media":"","overlay-type":"","overlay-color":"","overlay-opacity":"","overlay-gradient":""}},"footnotes":""},"class_list":["post-344","page","type-page","status-publish","hentry"],"_links":{"self":[{"href":"https:\/\/multisites.ipportalegre.pt\/biodiversidade\/wp-json\/wp\/v2\/pages\/344","targetHints":{"allow":["GET"]}}],"collection":[{"href":"https:\/\/multisites.ipportalegre.pt\/biodiversidade\/wp-json\/wp\/v2\/pages"}],"about":[{"href":"https:\/\/multisites.ipportalegre.pt\/biodiversidade\/wp-json\/wp\/v2\/types\/page"}],"author":[{"embeddable":true,"href":"https:\/\/multisites.ipportalegre.pt\/biodiversidade\/wp-json\/wp\/v2\/users\/112"}],"replies":[{"embeddable":true,"href":"https:\/\/multisites.ipportalegre.pt\/biodiversidade\/wp-json\/wp\/v2\/comments?post=344"}],"version-history":[{"count":26,"href":"https:\/\/multisites.ipportalegre.pt\/biodiversidade\/wp-json\/wp\/v2\/pages\/344\/revisions"}],"predecessor-version":[{"id":1201,"href":"https:\/\/multisites.ipportalegre.pt\/biodiversidade\/wp-json\/wp\/v2\/pages\/344\/revisions\/1201"}],"up":[{"embeddable":true,"href":"https:\/\/multisites.ipportalegre.pt\/biodiversidade\/wp-json\/wp\/v2\/pages\/30"}],"wp:attachment":[{"href":"https:\/\/multisites.ipportalegre.pt\/biodiversidade\/wp-json\/wp\/v2\/media?parent=344"}],"curies":[{"name":"wp","href":"https:\/\/api.w.org\/{rel}","templated":true}]}}