{"id":32,"date":"2024-06-01T16:22:00","date_gmt":"2024-06-01T16:22:00","guid":{"rendered":"https:\/\/multisites.ipportalegre.pt\/biodiversidade\/?page_id=32"},"modified":"2024-06-14T01:54:51","modified_gmt":"2024-06-14T01:54:51","slug":"arte-e-fotografia","status":"publish","type":"page","link":"https:\/\/multisites.ipportalegre.pt\/biodiversidade\/arte-e-fotografia\/","title":{"rendered":"Arte e Fotografia"},"content":{"rendered":"\t\t<div data-elementor-type=\"wp-page\" data-elementor-id=\"32\" class=\"elementor elementor-32\">\n\t\t\t\t<div class=\"elementor-element elementor-element-e25678a e-grid e-con-boxed e-con e-parent\" data-id=\"e25678a\" data-element_type=\"container\" data-e-type=\"container\">\n\t\t\t\t\t<div class=\"e-con-inner\">\n\t\t\t\t<div class=\"elementor-element elementor-element-35584dd elementor-widget elementor-widget-image\" data-id=\"35584dd\" data-element_type=\"widget\" data-e-type=\"widget\" data-widget_type=\"image.default\">\n\t\t\t\t<div class=\"elementor-widget-container\">\n\t\t\t\t\t\t\t\t\t\t\t\t\t\t\t\t<a href=\"https:\/\/multisites.ipportalegre.pt\/biodiversidade\/arte-e-fotografia\/fotografias\">\n\t\t\t\t\t\t\t<img fetchpriority=\"high\" decoding=\"async\" width=\"1080\" height=\"1081\" src=\"https:\/\/multisites.ipportalegre.pt\/biodiversidade\/wp-content\/uploads\/sites\/186\/2024\/06\/Artboard-9.png\" class=\"attachment-full size-full wp-image-808\" alt=\"\" srcset=\"https:\/\/multisites.ipportalegre.pt\/biodiversidade\/wp-content\/uploads\/sites\/186\/2024\/06\/Artboard-9.png 1080w, https:\/\/multisites.ipportalegre.pt\/biodiversidade\/wp-content\/uploads\/sites\/186\/2024\/06\/Artboard-9-300x300.png 300w, https:\/\/multisites.ipportalegre.pt\/biodiversidade\/wp-content\/uploads\/sites\/186\/2024\/06\/Artboard-9-1024x1024.png 1024w, https:\/\/multisites.ipportalegre.pt\/biodiversidade\/wp-content\/uploads\/sites\/186\/2024\/06\/Artboard-9-150x150.png 150w, https:\/\/multisites.ipportalegre.pt\/biodiversidade\/wp-content\/uploads\/sites\/186\/2024\/06\/Artboard-9-768x769.png 768w\" sizes=\"(max-width: 1080px) 100vw, 1080px\" \/>\t\t\t\t\t\t\t\t<\/a>\n\t\t\t\t\t\t\t\t\t\t\t\t\t\t\t<\/div>\n\t\t\t\t<\/div>\n\t\t\t\t<div class=\"elementor-element elementor-element-88c9450 elementor-widget elementor-widget-image\" data-id=\"88c9450\" data-element_type=\"widget\" data-e-type=\"widget\" data-widget_type=\"image.default\">\n\t\t\t\t<div class=\"elementor-widget-container\">\n\t\t\t\t\t\t\t\t\t\t\t\t\t\t\t\t<a href=\"https:\/\/multisites.ipportalegre.pt\/biodiversidade\/arte-e-fotografia\/desenho\">\n\t\t\t\t\t\t\t<img decoding=\"async\" width=\"1080\" height=\"1081\" src=\"https:\/\/multisites.ipportalegre.pt\/biodiversidade\/wp-content\/uploads\/sites\/186\/2024\/06\/Artboard-9-copy.png\" class=\"attachment-full size-full wp-image-807\" alt=\"\" srcset=\"https:\/\/multisites.ipportalegre.pt\/biodiversidade\/wp-content\/uploads\/sites\/186\/2024\/06\/Artboard-9-copy.png 1080w, https:\/\/multisites.ipportalegre.pt\/biodiversidade\/wp-content\/uploads\/sites\/186\/2024\/06\/Artboard-9-copy-300x300.png 300w, https:\/\/multisites.ipportalegre.pt\/biodiversidade\/wp-content\/uploads\/sites\/186\/2024\/06\/Artboard-9-copy-1024x1024.png 1024w, https:\/\/multisites.ipportalegre.pt\/biodiversidade\/wp-content\/uploads\/sites\/186\/2024\/06\/Artboard-9-copy-150x150.png 150w, https:\/\/multisites.ipportalegre.pt\/biodiversidade\/wp-content\/uploads\/sites\/186\/2024\/06\/Artboard-9-copy-768x769.png 768w\" sizes=\"(max-width: 1080px) 100vw, 1080px\" \/>\t\t\t\t\t\t\t\t<\/a>\n\t\t\t\t\t\t\t\t\t\t\t\t\t\t\t<\/div>\n\t\t\t\t<\/div>\n\t\t\t\t\t<\/div>\n\t\t\t\t<\/div>\n\t\t<div class=\"elementor-element elementor-element-c299579 e-flex e-con-boxed e-con e-parent\" data-id=\"c299579\" data-element_type=\"container\" data-e-type=\"container\">\n\t\t\t\t\t<div class=\"e-con-inner\">\n\t\t\t\t<div class=\"elementor-element elementor-element-6227afa elementor-widget elementor-widget-text-editor\" data-id=\"6227afa\" data-element_type=\"widget\" data-e-type=\"widget\" data-widget_type=\"text-editor.default\">\n\t\t\t\t<div class=\"elementor-widget-container\">\n\t\t\t\t\t\t\t\t\t<h3>Para ver os seus desenhos ou fotografias expostas no site mandar e-mail para:<\/h3><p>(pessoa\/as respons\u00e1vel por verifica\u00e7\u00e3o de fotografias e desenhos para a coloca\u00e7\u00e3o das mesmas no site)<\/p>\t\t\t\t\t\t\t\t<\/div>\n\t\t\t\t<\/div>\n\t\t\t\t\t<\/div>\n\t\t\t\t<\/div>\n\t\t\t\t<\/div>\n\t\t","protected":false},"excerpt":{"rendered":"<p>\/*! elementor &#8211; v3.21.0 &#8211; 26-05-2024 *\/ .elementor-widget-image{text-align:center}.elementor-widget-image a{display:inline-block}.elementor-widget-image a img[src$=&#8221;.svg&#8221;]{width:48px}.elementor-widget-image img{vertical-align:middle;display:inline-block} Para ver os seus desenhos ou fotografias expostas [&hellip;]<\/p>\n","protected":false},"author":112,"featured_media":0,"parent":0,"menu_order":0,"comment_status":"closed","ping_status":"closed","template":"","meta":{"site-sidebar-layout":"no-sidebar","site-content-layout":"","ast-site-content-layout":"full-width-container","site-content-style":"default","site-sidebar-style":"default","ast-global-header-display":"","ast-banner-title-visibility":"","ast-main-header-display":"","ast-hfb-above-header-display":"","ast-hfb-below-header-display":"","ast-hfb-mobile-header-display":"","site-post-title":"disabled","ast-breadcrumbs-content":"","ast-featured-img":"disabled","footer-sml-layout":"","ast-disable-related-posts":"","theme-transparent-header-meta":"","adv-header-id-meta":"","stick-header-meta":"","header-above-stick-meta":"","header-main-stick-meta":"","header-below-stick-meta":"","astra-migrate-meta-layouts":"default","ast-page-background-enabled":"default","ast-page-background-meta":{"desktop":{"background-color":"var(--ast-global-color-4)","background-image":"","background-repeat":"repeat","background-position":"center center","background-size":"auto","background-attachment":"scroll","background-type":"","background-media":"","overlay-type":"","overlay-color":"","overlay-opacity":"","overlay-gradient":""},"tablet":{"background-color":"","background-image":"","background-repeat":"repeat","background-position":"center center","background-size":"auto","background-attachment":"scroll","background-type":"","background-media":"","overlay-type":"","overlay-color":"","overlay-opacity":"","overlay-gradient":""},"mobile":{"background-color":"","background-image":"","background-repeat":"repeat","background-position":"center center","background-size":"auto","background-attachment":"scroll","background-type":"","background-media":"","overlay-type":"","overlay-color":"","overlay-opacity":"","overlay-gradient":""}},"ast-content-background-meta":{"desktop":{"background-color":"var(--ast-global-color-5)","background-image":"","background-repeat":"repeat","background-position":"center center","background-size":"auto","background-attachment":"scroll","background-type":"","background-media":"","overlay-type":"","overlay-color":"","overlay-opacity":"","overlay-gradient":""},"tablet":{"background-color":"var(--ast-global-color-5)","background-image":"","background-repeat":"repeat","background-position":"center center","background-size":"auto","background-attachment":"scroll","background-type":"","background-media":"","overlay-type":"","overlay-color":"","overlay-opacity":"","overlay-gradient":""},"mobile":{"background-color":"var(--ast-global-color-5)","background-image":"","background-repeat":"repeat","background-position":"center center","background-size":"auto","background-attachment":"scroll","background-type":"","background-media":"","overlay-type":"","overlay-color":"","overlay-opacity":"","overlay-gradient":""}},"footnotes":""},"class_list":["post-32","page","type-page","status-publish","hentry"],"_links":{"self":[{"href":"https:\/\/multisites.ipportalegre.pt\/biodiversidade\/wp-json\/wp\/v2\/pages\/32","targetHints":{"allow":["GET"]}}],"collection":[{"href":"https:\/\/multisites.ipportalegre.pt\/biodiversidade\/wp-json\/wp\/v2\/pages"}],"about":[{"href":"https:\/\/multisites.ipportalegre.pt\/biodiversidade\/wp-json\/wp\/v2\/types\/page"}],"author":[{"embeddable":true,"href":"https:\/\/multisites.ipportalegre.pt\/biodiversidade\/wp-json\/wp\/v2\/users\/112"}],"replies":[{"embeddable":true,"href":"https:\/\/multisites.ipportalegre.pt\/biodiversidade\/wp-json\/wp\/v2\/comments?post=32"}],"version-history":[{"count":31,"href":"https:\/\/multisites.ipportalegre.pt\/biodiversidade\/wp-json\/wp\/v2\/pages\/32\/revisions"}],"predecessor-version":[{"id":1140,"href":"https:\/\/multisites.ipportalegre.pt\/biodiversidade\/wp-json\/wp\/v2\/pages\/32\/revisions\/1140"}],"wp:attachment":[{"href":"https:\/\/multisites.ipportalegre.pt\/biodiversidade\/wp-json\/wp\/v2\/media?parent=32"}],"curies":[{"name":"wp","href":"https:\/\/api.w.org\/{rel}","templated":true}]}}