{"id":1037,"date":"2024-06-13T21:33:25","date_gmt":"2024-06-13T21:33:25","guid":{"rendered":"https:\/\/multisites.ipportalegre.pt\/biodiversidade\/?page_id=1037"},"modified":"2024-06-14T02:07:58","modified_gmt":"2024-06-14T02:07:58","slug":"lontra","status":"publish","type":"page","link":"https:\/\/multisites.ipportalegre.pt\/biodiversidade\/fauna\/lontra\/","title":{"rendered":"lontra"},"content":{"rendered":"\t\t<div data-elementor-type=\"wp-page\" data-elementor-id=\"1037\" class=\"elementor elementor-1037\">\n\t\t\t\t<div class=\"elementor-element elementor-element-a7c35d5 animated-fast e-flex e-con-boxed elementor-invisible e-con e-parent\" data-id=\"a7c35d5\" data-element_type=\"container\" data-e-type=\"container\" data-settings=\"{&quot;background_background&quot;:&quot;slideshow&quot;,&quot;background_slideshow_gallery&quot;:[{&quot;id&quot;:&quot;179&quot;,&quot;url&quot;:&quot;http:\\\/\\\/multisites.ipportalegre.pt\\\/biodiversidade\\\/wp-content\\\/uploads\\\/sites\\\/186\\\/2024\\\/06\\\/lontra-2_RLourenco-1.jpg&quot;}],&quot;background_slideshow_slide_duration&quot;:&quot;3000&quot;,&quot;background_slideshow_slide_transition&quot;:&quot;slide_right&quot;,&quot;animation&quot;:&quot;fadeIn&quot;,&quot;background_slideshow_loop&quot;:&quot;yes&quot;,&quot;background_slideshow_transition_duration&quot;:500}\">\n\t\t\t\t\t<div class=\"e-con-inner\">\n\t\t\t\t\t<\/div>\n\t\t\t\t<\/div>\n\t\t<div class=\"elementor-element elementor-element-0b08ffb e-flex e-con-boxed e-con e-parent\" data-id=\"0b08ffb\" data-element_type=\"container\" data-e-type=\"container\">\n\t\t\t\t\t<div class=\"e-con-inner\">\n\t\t<div class=\"elementor-element elementor-element-3c3129f e-con-full e-flex e-con e-child\" data-id=\"3c3129f\" data-element_type=\"container\" data-e-type=\"container\">\n\t\t\t\t<div class=\"elementor-element elementor-element-b18eb70 elementor-widget elementor-widget-image\" data-id=\"b18eb70\" data-element_type=\"widget\" data-e-type=\"widget\" data-widget_type=\"image.default\">\n\t\t\t\t<div class=\"elementor-widget-container\">\n\t\t\t\t\t\t\t\t\t\t\t\t\t\t\t<img fetchpriority=\"high\" decoding=\"async\" width=\"2560\" height=\"1706\" src=\"https:\/\/multisites.ipportalegre.pt\/biodiversidade\/wp-content\/uploads\/sites\/186\/2024\/06\/lontra_RLourenco-scaled.jpg\" class=\"attachment-full size-full wp-image-177\" alt=\"\" srcset=\"https:\/\/multisites.ipportalegre.pt\/biodiversidade\/wp-content\/uploads\/sites\/186\/2024\/06\/lontra_RLourenco-scaled.jpg 2560w, https:\/\/multisites.ipportalegre.pt\/biodiversidade\/wp-content\/uploads\/sites\/186\/2024\/06\/lontra_RLourenco-300x200.jpg 300w, https:\/\/multisites.ipportalegre.pt\/biodiversidade\/wp-content\/uploads\/sites\/186\/2024\/06\/lontra_RLourenco-1024x682.jpg 1024w, https:\/\/multisites.ipportalegre.pt\/biodiversidade\/wp-content\/uploads\/sites\/186\/2024\/06\/lontra_RLourenco-768x512.jpg 768w, https:\/\/multisites.ipportalegre.pt\/biodiversidade\/wp-content\/uploads\/sites\/186\/2024\/06\/lontra_RLourenco-1536x1024.jpg 1536w, https:\/\/multisites.ipportalegre.pt\/biodiversidade\/wp-content\/uploads\/sites\/186\/2024\/06\/lontra_RLourenco-2048x1365.jpg 2048w\" sizes=\"(max-width: 2560px) 100vw, 2560px\" \/>\t\t\t\t\t\t\t\t\t\t\t\t\t\t\t<\/div>\n\t\t\t\t<\/div>\n\t\t\t\t<\/div>\n\t\t<div class=\"elementor-element elementor-element-739e83f e-con-full e-flex e-con e-child\" data-id=\"739e83f\" data-element_type=\"container\" data-e-type=\"container\">\n\t\t<div class=\"elementor-element elementor-element-26eeddc e-flex e-con-boxed e-con e-child\" data-id=\"26eeddc\" data-element_type=\"container\" data-e-type=\"container\">\n\t\t\t\t\t<div class=\"e-con-inner\">\n\t\t\t\t<div class=\"elementor-element elementor-element-a0045de elementor-widget elementor-widget-heading\" data-id=\"a0045de\" data-element_type=\"widget\" data-e-type=\"widget\" data-widget_type=\"heading.default\">\n\t\t\t\t<div class=\"elementor-widget-container\">\n\t\t\t\t\t<h2 class=\"elementor-heading-title elementor-size-default\">Lontra<\/h2>\t\t\t\t<\/div>\n\t\t\t\t<\/div>\n\t\t\t\t\t<\/div>\n\t\t\t\t<\/div>\n\t\t<div class=\"elementor-element elementor-element-88a6f61 e-flex e-con-boxed e-con e-child\" data-id=\"88a6f61\" data-element_type=\"container\" data-e-type=\"container\">\n\t\t\t\t\t<div class=\"e-con-inner\">\n\t\t\t\t<div class=\"elementor-element elementor-element-2d3d1c0 elementor-widget elementor-widget-heading\" data-id=\"2d3d1c0\" data-element_type=\"widget\" data-e-type=\"widget\" data-widget_type=\"heading.default\">\n\t\t\t\t<div class=\"elementor-widget-container\">\n\t\t\t\t\t<h3 class=\"elementor-heading-title elementor-size-default\">Lutrinae\n<\/h3>\t\t\t\t<\/div>\n\t\t\t\t<\/div>\n\t\t\t\t\t<\/div>\n\t\t\t\t<\/div>\n\t\t<div class=\"elementor-element elementor-element-5d5879f e-flex e-con-boxed e-con e-child\" data-id=\"5d5879f\" data-element_type=\"container\" data-e-type=\"container\">\n\t\t\t\t\t<div class=\"e-con-inner\">\n\t\t\t\t<div class=\"elementor-element elementor-element-bf9ec79 elementor-widget elementor-widget-text-editor\" data-id=\"bf9ec79\" data-element_type=\"widget\" data-e-type=\"widget\" data-widget_type=\"text-editor.default\">\n\t\t\t\t<div class=\"elementor-widget-container\">\n\t\t\t\t\t\t\t\t\t<p>A lontra \u00e9 um animal mam\u00edfero da subfam\u00edlia Lutrinae, que pertence \u00e0 ordem carn\u00edvora e \u00e0 fam\u00edlia dos mustel\u00eddeos. Encontra-se na Europa, \u00c1sia, \u00c1frica, numa parte sul da Am\u00e9rica do Norte e ao longo de toda a Am\u00e9rica do Sul, incluindo o Brasil e a Argentina. O seu habitat natural \u00e9 o rio, onde busca alimentos, como peixes, crust\u00e1ceos, r\u00e9pteis e, com menos frequ\u00eancia, aves e pequenos mam\u00edferos.<\/p>\t\t\t\t\t\t\t\t<\/div>\n\t\t\t\t<\/div>\n\t\t\t\t\t<\/div>\n\t\t\t\t<\/div>\n\t\t\t\t<div class=\"elementor-element elementor-element-e451440 elementor-widget elementor-widget-text-editor\" data-id=\"e451440\" data-element_type=\"widget\" data-e-type=\"widget\" data-widget_type=\"text-editor.default\">\n\t\t\t\t<div class=\"elementor-widget-container\">\n\t\t\t\t\t\t\t\t\t<p><a style=\"font-style: inherit;font-weight: inherit;font-family: var( --e-global-typography-text-font-family ), Sans-serif;text-align: var(--text-align)\" href=\"https:\/\/pt.wikipedia.org\/wiki\/Lutrinae#Descri%C3%A7%C3%A3o\" target=\"_blank\" rel=\"noopener\">P\u00e1gina wikip\u00e9dia<\/a><\/p>\t\t\t\t\t\t\t\t<\/div>\n\t\t\t\t<\/div>\n\t\t\t\t<\/div>\n\t\t\t\t\t<\/div>\n\t\t\t\t<\/div>\n\t\t\t\t<\/div>\n\t\t","protected":false},"excerpt":{"rendered":"<p>\/*! elementor &#8211; v3.21.0 &#8211; 26-05-2024 *\/ .elementor-widget-image{text-align:center}.elementor-widget-image a{display:inline-block}.elementor-widget-image a img[src$=&#8221;.svg&#8221;]{width:48px}.elementor-widget-image img{vertical-align:middle;display:inline-block} \/*! elementor &#8211; v3.21.0 &#8211; 26-05-2024 *\/ .elementor-heading-title{padding:0;margin:0;line-height:1}.elementor-widget-heading [&hellip;]<\/p>\n","protected":false},"author":91,"featured_media":0,"parent":29,"menu_order":0,"comment_status":"closed","ping_status":"closed","template":"","meta":{"site-sidebar-layout":"no-sidebar","site-content-layout":"","ast-site-content-layout":"full-width-container","site-content-style":"default","site-sidebar-style":"default","ast-global-header-display":"","ast-banner-title-visibility":"","ast-main-header-display":"","ast-hfb-above-header-display":"","ast-hfb-below-header-display":"","ast-hfb-mobile-header-display":"","site-post-title":"disabled","ast-breadcrumbs-content":"","ast-featured-img":"disabled","footer-sml-layout":"","ast-disable-related-posts":"","theme-transparent-header-meta":"default","adv-header-id-meta":"","stick-header-meta":"","header-above-stick-meta":"","header-main-stick-meta":"","header-below-stick-meta":"","astra-migrate-meta-layouts":"set","ast-page-background-enabled":"default","ast-page-background-meta":{"desktop":{"background-color":"var(--ast-global-color-4)","background-image":"","background-repeat":"repeat","background-position":"center center","background-size":"auto","background-attachment":"scroll","background-type":"","background-media":"","overlay-type":"","overlay-color":"","overlay-opacity":"","overlay-gradient":""},"tablet":{"background-color":"","background-image":"","background-repeat":"repeat","background-position":"center center","background-size":"auto","background-attachment":"scroll","background-type":"","background-media":"","overlay-type":"","overlay-color":"","overlay-opacity":"","overlay-gradient":""},"mobile":{"background-color":"","background-image":"","background-repeat":"repeat","background-position":"center center","background-size":"auto","background-attachment":"scroll","background-type":"","background-media":"","overlay-type":"","overlay-color":"","overlay-opacity":"","overlay-gradient":""}},"ast-content-background-meta":{"desktop":{"background-color":"var(--ast-global-color-5)","background-image":"","background-repeat":"repeat","background-position":"center center","background-size":"auto","background-attachment":"scroll","background-type":"","background-media":"","overlay-type":"","overlay-color":"","overlay-opacity":"","overlay-gradient":""},"tablet":{"background-color":"var(--ast-global-color-5)","background-image":"","background-repeat":"repeat","background-position":"center center","background-size":"auto","background-attachment":"scroll","background-type":"","background-media":"","overlay-type":"","overlay-color":"","overlay-opacity":"","overlay-gradient":""},"mobile":{"background-color":"var(--ast-global-color-5)","background-image":"","background-repeat":"repeat","background-position":"center center","background-size":"auto","background-attachment":"scroll","background-type":"","background-media":"","overlay-type":"","overlay-color":"","overlay-opacity":"","overlay-gradient":""}},"footnotes":""},"class_list":["post-1037","page","type-page","status-publish","hentry"],"_links":{"self":[{"href":"https:\/\/multisites.ipportalegre.pt\/biodiversidade\/wp-json\/wp\/v2\/pages\/1037","targetHints":{"allow":["GET"]}}],"collection":[{"href":"https:\/\/multisites.ipportalegre.pt\/biodiversidade\/wp-json\/wp\/v2\/pages"}],"about":[{"href":"https:\/\/multisites.ipportalegre.pt\/biodiversidade\/wp-json\/wp\/v2\/types\/page"}],"author":[{"embeddable":true,"href":"https:\/\/multisites.ipportalegre.pt\/biodiversidade\/wp-json\/wp\/v2\/users\/91"}],"replies":[{"embeddable":true,"href":"https:\/\/multisites.ipportalegre.pt\/biodiversidade\/wp-json\/wp\/v2\/comments?post=1037"}],"version-history":[{"count":28,"href":"https:\/\/multisites.ipportalegre.pt\/biodiversidade\/wp-json\/wp\/v2\/pages\/1037\/revisions"}],"predecessor-version":[{"id":1149,"href":"https:\/\/multisites.ipportalegre.pt\/biodiversidade\/wp-json\/wp\/v2\/pages\/1037\/revisions\/1149"}],"up":[{"embeddable":true,"href":"https:\/\/multisites.ipportalegre.pt\/biodiversidade\/wp-json\/wp\/v2\/pages\/29"}],"wp:attachment":[{"href":"https:\/\/multisites.ipportalegre.pt\/biodiversidade\/wp-json\/wp\/v2\/media?parent=1037"}],"curies":[{"name":"wp","href":"https:\/\/api.w.org\/{rel}","templated":true}]}}